{"id":10122,"date":"2018-12-20T04:27:24","date_gmt":"2018-12-20T03:27:24","guid":{"rendered":"https:\/\/www.palazzodalessandro.it\/kontakt\/"},"modified":"2026-03-27T07:57:02","modified_gmt":"2026-03-27T06:57:02","slug":"kontakt","status":"publish","type":"page","link":"https:\/\/www.palazzodalessandro.it\/de\/kontakt\/","title":{"rendered":"Kontakt"},"content":{"rendered":"\t\t<div data-elementor-type=\"wp-post\" data-elementor-id=\"10122\" class=\"elementor elementor-10122 elementor-26\">\n\t\t\t\t\t\t<section class=\"elementor-section elementor-top-section elementor-element elementor-element-3ac5ce9a elementor-section-stretched elementor-section-height-min-height elementor-section-boxed elementor-section-height-default elementor-section-items-middle\" data-id=\"3ac5ce9a\" data-element_type=\"section\" data-e-type=\"section\" data-settings=\"{&quot;stretch_section&quot;:&quot;section-stretched&quot;,&quot;background_background&quot;:&quot;classic&quot;}\">\n\t\t\t\t\t\t<div class=\"elementor-container elementor-column-gap-no\">\n\t\t\t\t\t<div class=\"elementor-column elementor-col-100 elementor-top-column elementor-element elementor-element-4521c6ce\" data-id=\"4521c6ce\" data-element_type=\"column\" data-e-type=\"column\">\n\t\t\t<div class=\"elementor-widget-wrap elementor-element-populated\">\n\t\t\t\t\t\t<div class=\"elementor-element elementor-element-678eba22 elementor-heading__align-center elementor-widget elementor-widget-heading\" data-id=\"678eba22\" data-element_type=\"widget\" data-e-type=\"widget\" data-widget_type=\"heading.default\">\n\t\t\t\t<div class=\"elementor-widget-container\">\n\t\t\t\t\t<h1 class=\"elementor-heading-title elementor-size-default\">Kontakt<\/h1>\t\t\t\t<\/div>\n\t\t\t\t<\/div>\n\t\t\t\t\t<\/div>\n\t\t<\/div>\n\t\t\t\t\t<\/div>\n\t\t<\/section>\n\t\t\t\t<section class=\"elementor-section elementor-top-section elementor-element elementor-element-56c1c76 elementor-section-stretched elementor-section-boxed elementor-section-height-default elementor-section-height-default\" data-id=\"56c1c76\" data-element_type=\"section\" data-e-type=\"section\" data-settings=\"{&quot;stretch_section&quot;:&quot;section-stretched&quot;}\">\n\t\t\t\t\t\t<div class=\"elementor-container elementor-column-gap-no\">\n\t\t\t\t\t<div class=\"elementor-column elementor-col-100 elementor-top-column elementor-element elementor-element-d63d9ca\" data-id=\"d63d9ca\" data-element_type=\"column\" data-e-type=\"column\">\n\t\t\t<div class=\"elementor-widget-wrap elementor-element-populated\">\n\t\t\t\t\t\t<div class=\"elementor-element elementor-element-c2b8688 elementor-heading__align-center elementor-widget elementor-widget-heading\" data-id=\"c2b8688\" data-element_type=\"widget\" data-e-type=\"widget\" data-widget_type=\"heading.default\">\n\t\t\t\t<div class=\"elementor-widget-container\">\n\t\t\t\t\t<h2 class=\"elementor-heading-title elementor-size-default\">INFORMATIONEN ANFORDERN<\/h2>\t\t\t\t<\/div>\n\t\t\t\t<\/div>\n\t\t\t\t\t<\/div>\n\t\t<\/div>\n\t\t\t\t\t<\/div>\n\t\t<\/section>\n\t\t\t\t<section class=\"elementor-section elementor-top-section elementor-element elementor-element-4abea33 elementor-section-stretched elementor-section-boxed elementor-section-height-default elementor-section-height-default\" data-id=\"4abea33\" data-element_type=\"section\" data-e-type=\"section\" data-settings=\"{&quot;stretch_section&quot;:&quot;section-stretched&quot;}\">\n\t\t\t\t\t\t<div class=\"elementor-container elementor-column-gap-no\">\n\t\t\t\t\t<div class=\"elementor-column elementor-col-50 elementor-top-column elementor-element elementor-element-5e3f9ed\" data-id=\"5e3f9ed\" data-element_type=\"column\" data-e-type=\"column\">\n\t\t\t<div class=\"elementor-widget-wrap elementor-element-populated\">\n\t\t\t\t<div class=\"elementor-element elementor-element-b7e9646 e-grid e-con-boxed e-con e-parent\" data-id=\"b7e9646\" data-element_type=\"container\" data-e-type=\"container\">\n\t\t\t\t\t<div class=\"e-con-inner\">\n\t\t\t\t<div class=\"elementor-element elementor-element-ca8dfd1 elementor-view-stacked elementor-position-left elementor-shape-circle elementor-vertical-align-top elementor-widget elementor-widget-maisonco-icon-box elementor-widget-icon-box\" data-id=\"ca8dfd1\" data-element_type=\"widget\" data-e-type=\"widget\" data-widget_type=\"maisonco-icon-box.default\">\n\t\t\t\t<div class=\"elementor-widget-container\">\n\t\t\t\t\t        <div class=\"elementor-icon-box-wrapper\">\n                    <div class=\"elementor-icon-box-icon\">\n            <a class=\"elementor-icon elementor-animation-\" href=\"mailto:info@palazzodalessandro.it mailto:info@palazzodalessandro.it\">\n            <svg aria-hidden=\"true\" class=\"e-font-icon-svg e-fas-map-marker-alt\" viewBox=\"0 0 384 512\" xmlns=\"http:\/\/www.w3.org\/2000\/svg\"><path d=\"M172.268 501.67C26.97 291.031 0 269.413 0 192 0 85.961 85.961 0 192 0s192 85.961 192 192c0 77.413-26.97 99.031-172.268 309.67-9.535 13.774-29.93 13.773-39.464 0zM192 272c44.183 0 80-35.817 80-80s-35.817-80-80-80-80 35.817-80 80 35.817 80 80 80z\"><\/path><\/svg>            <\/a>\n            <\/div>\n                <div class=\"elementor-icon-box-content\">\n        <h3 class=\"elementor-icon-box-title\">\n        <a href=\"mailto:info@palazzodalessandro.it mailto:info@palazzodalessandro.it\" >\n        D'Alessandro Palast        <\/a>\n        <\/h3>\n                    <p class=\"elementor-icon-box-description\">\n                Piazzetta Berardino D'Alessandro,<br>67020 Caporciano AQ            <\/p>\n                <\/div>\n        <\/div>\n        \t\t\t\t<\/div>\n\t\t\t\t<\/div>\n\t\t\t\t<div class=\"elementor-element elementor-element-b70a148 elementor-view-stacked elementor-position-left elementor-shape-circle elementor-vertical-align-top elementor-widget elementor-widget-maisonco-icon-box elementor-widget-icon-box\" data-id=\"b70a148\" data-element_type=\"widget\" data-e-type=\"widget\" data-widget_type=\"maisonco-icon-box.default\">\n\t\t\t\t<div class=\"elementor-widget-container\">\n\t\t\t\t\t        <div class=\"elementor-icon-box-wrapper\">\n                    <div class=\"elementor-icon-box-icon\">\n            <a class=\"elementor-icon elementor-animation-\" href=\"tel:+393355994204 tel:+393355994204\">\n            <svg aria-hidden=\"true\" class=\"e-font-icon-svg e-fas-phone-alt\" viewBox=\"0 0 512 512\" xmlns=\"http:\/\/www.w3.org\/2000\/svg\"><path d=\"M497.39 361.8l-112-48a24 24 0 0 0-28 6.9l-49.6 60.6A370.66 370.66 0 0 1 130.6 204.11l60.6-49.6a23.94 23.94 0 0 0 6.9-28l-48-112A24.16 24.16 0 0 0 122.6.61l-104 24A24 24 0 0 0 0 48c0 256.5 207.9 464 464 464a24 24 0 0 0 23.4-18.6l24-104a24.29 24.29 0 0 0-14.01-27.6z\"><\/path><\/svg>            <\/a>\n            <\/div>\n                <div class=\"elementor-icon-box-content\">\n        <h3 class=\"elementor-icon-box-title\">\n        <a href=\"tel:+393355994204 tel:+393355994204\" >\n        TELEFON        <\/a>\n        <\/h3>\n                    <p class=\"elementor-icon-box-description\">\n                <a href=\"tel:+393355994204\">+39 335 599 4204<\/a>            <\/p>\n                <\/div>\n        <\/div>\n        \t\t\t\t<\/div>\n\t\t\t\t<\/div>\n\t\t\t\t<div class=\"elementor-element elementor-element-1a0c845 elementor-view-stacked elementor-position-left elementor-shape-circle elementor-vertical-align-top elementor-widget elementor-widget-maisonco-icon-box elementor-widget-icon-box\" data-id=\"1a0c845\" data-element_type=\"widget\" data-e-type=\"widget\" data-widget_type=\"maisonco-icon-box.default\">\n\t\t\t\t<div class=\"elementor-widget-container\">\n\t\t\t\t\t        <div class=\"elementor-icon-box-wrapper\">\n                    <div class=\"elementor-icon-box-icon\">\n            <a class=\"elementor-icon elementor-animation-\" href=\"mailto:info@palazzodalessandro.it mailto:info@palazzodalessandro.it\">\n            <svg aria-hidden=\"true\" class=\"e-font-icon-svg e-far-envelope\" viewBox=\"0 0 512 512\" xmlns=\"http:\/\/www.w3.org\/2000\/svg\"><path d=\"M464 64H48C21.49 64 0 85.49 0 112v288c0 26.51 21.49 48 48 48h416c26.51 0 48-21.49 48-48V112c0-26.51-21.49-48-48-48zm0 48v40.805c-22.422 18.259-58.168 46.651-134.587 106.49-16.841 13.247-50.201 45.072-73.413 44.701-23.208.375-56.579-31.459-73.413-44.701C106.18 199.465 70.425 171.067 48 152.805V112h416zM48 400V214.398c22.914 18.251 55.409 43.862 104.938 82.646 21.857 17.205 60.134 55.186 103.062 54.955 42.717.231 80.509-37.199 103.053-54.947 49.528-38.783 82.032-64.401 104.947-82.653V400H48z\"><\/path><\/svg>            <\/a>\n            <\/div>\n                <div class=\"elementor-icon-box-content\">\n        <h3 class=\"elementor-icon-box-title\">\n        <a href=\"mailto:info@palazzodalessandro.it mailto:info@palazzodalessandro.it\" >\n        EMAIL        <\/a>\n        <\/h3>\n                    <p class=\"elementor-icon-box-description\">\n                <a href=\"mailto:info@palazzodalessandro.it\">info@palazzodalessandro.it<\/a>            <\/p>\n                <\/div>\n        <\/div>\n        \t\t\t\t<\/div>\n\t\t\t\t<\/div>\n\t\t\t\t\t<\/div>\n\t\t\t\t<\/div>\n\t\t\t\t\t<\/div>\n\t\t<\/div>\n\t\t\t\t<div class=\"elementor-column elementor-col-50 elementor-top-column elementor-element elementor-element-87f4fdb\" data-id=\"87f4fdb\" data-element_type=\"column\" data-e-type=\"column\">\n\t\t\t<div class=\"elementor-widget-wrap elementor-element-populated\">\n\t\t\t\t\t\t<div class=\"elementor-element elementor-element-9ece526 elementor-align-left elementor-widget elementor-widget-opal-contactform7\" data-id=\"9ece526\" data-element_type=\"widget\" data-e-type=\"widget\" data-widget_type=\"opal-contactform7.default\">\n\t\t\t\t<div class=\"elementor-widget-container\">\n\t\t\t\t\t\n<div class=\"wpcf7 no-js\" id=\"wpcf7-f1002-o1\" lang=\"en-US\" dir=\"ltr\" data-wpcf7-id=\"1002\">\n<div class=\"screen-reader-response\"><p role=\"status\" aria-live=\"polite\" aria-atomic=\"true\"><\/p> <ul><\/ul><\/div>\n<form action=\"\/de\/wp-json\/wp\/v2\/pages\/10122#wpcf7-f1002-o1\" method=\"post\" class=\"wpcf7-form init\" aria-label=\"Contact form\" novalidate=\"novalidate\" data-status=\"init\">\n<fieldset class=\"hidden-fields-container\"><input type=\"hidden\" name=\"_wpcf7\" value=\"1002\" \/><input type=\"hidden\" name=\"_wpcf7_version\" value=\"6.1.5\" \/><input type=\"hidden\" name=\"_wpcf7_locale\" value=\"en_US\" \/><input type=\"hidden\" name=\"_wpcf7_unit_tag\" value=\"wpcf7-f1002-o1\" \/><input type=\"hidden\" name=\"_wpcf7_container_post\" value=\"0\" \/><input type=\"hidden\" name=\"_wpcf7_posted_data_hash\" value=\"\" \/>\n<\/fieldset>\n<div class=\"row\">\n\t<div class=\"col-sm-6\">\n\t\t<div class=\"mb-3\">\n\t\t\t<p>Nome <span class=\"wpcf7-form-control-wrap\" data-name=\"your-name\"><input size=\"40\" maxlength=\"400\" class=\"wpcf7-form-control wpcf7-text wpcf7-validates-as-required\" aria-required=\"true\" aria-invalid=\"false\" value=\"\" type=\"text\" name=\"your-name\" \/><\/span>\n\t\t\t<\/p>\n\t\t<\/div>\n\t<\/div>\n\t<div class=\"col-sm-6\">\n\t\t<div class=\"mb-3\">\n\t\t\t<p>Email <span class=\"wpcf7-form-control-wrap\" data-name=\"your-email\"><input size=\"40\" maxlength=\"400\" class=\"wpcf7-form-control wpcf7-email wpcf7-validates-as-required wpcf7-text wpcf7-validates-as-email\" aria-required=\"true\" aria-invalid=\"false\" value=\"\" type=\"email\" name=\"your-email\" \/><\/span>\n\t\t\t<\/p>\n\t\t<\/div>\n\t<\/div>\n\t<div class=\"col-sm-6\">\n\t\t<div class=\"mb-3\">\n\t\t\t<p>Telefono <span class=\"wpcf7-form-control-wrap\" data-name=\"your-phone\"><input size=\"40\" maxlength=\"400\" class=\"wpcf7-form-control wpcf7-tel wpcf7-text wpcf7-validates-as-tel\" aria-invalid=\"false\" value=\"\" type=\"tel\" name=\"your-phone\" \/><\/span>\n\t\t\t<\/p>\n\t\t<\/div>\n\t<\/div>\n\t<div class=\"col-sm-6\">\n\t\t<div class=\"mb-3\">\n\t\t\t<p>Scegli la tua camera <span class=\"wpcf7-form-control-wrap\" data-name=\"camera\"><select class=\"wpcf7-form-control wpcf7-select wpcf7-validates-as-required\" aria-required=\"true\" aria-invalid=\"false\" name=\"camera\"><option value=\"Appartamento Croisette\">Appartamento Croisette<\/option><option value=\"Appartamento Dolce Vita\">Appartamento Dolce Vita<\/option><option value=\"Appartamento Terence Conran\">Appartamento Terence Conran<\/option><option value=\"Suite Touring Club\">Suite Touring Club<\/option><option value=\"Suite Colonnello D\u2019Alessandro\">Suite Colonnello D\u2019Alessandro<\/option><option value=\"Suite Francesco D\u2019Alessandro\">Suite Francesco D\u2019Alessandro<\/option><\/select><\/span>\n\t\t\t<\/p>\n\t\t<\/div>\n\t<\/div>\n\t<div class=\"col-sm-6\">\n\t\t<div class=\"mb-3\">\n\t\t\t<p>Check In <span class=\"wpcf7-form-control-wrap\" data-name=\"date-IN\"><input class=\"wpcf7-form-control wpcf7-date wpcf7-validates-as-required wpcf7-validates-as-date c-date-start\" aria-required=\"true\" aria-invalid=\"false\" value=\"\" type=\"date\" name=\"date-IN\" \/><\/span>\n\t\t\t<\/p>\n\t\t<\/div>\n\t<\/div>\n\t<div class=\"col-sm-6\">\n\t\t<div class=\"mb-3\">\n\t\t\t<p>Check Out (min 2 notti) <span class=\"wpcf7-form-control-wrap\" data-name=\"date-OUT\"><input class=\"wpcf7-form-control wpcf7-date wpcf7-validates-as-required wpcf7-validates-as-date c-date-end\" aria-required=\"true\" aria-invalid=\"false\" value=\"\" type=\"date\" name=\"date-OUT\" \/><\/span>\n\t\t\t<\/p>\n\t\t<\/div>\n\t<\/div>\n\t<div class=\"col-sm-12\">\n\t\t<div class=\"mb-3\">\n\t\t\t<p><span class=\"wpcf7-form-control-wrap\" data-name=\"your-message\"><textarea cols=\"20\" rows=\"5\" maxlength=\"2000\" class=\"wpcf7-form-control wpcf7-textarea\" aria-invalid=\"false\" placeholder=\"Messaggio\" name=\"your-message\"><\/textarea><\/span>\n\t\t\t<\/p>\n\t\t<\/div>\n\t<\/div>\n\t<div class=\"col-sm-12\">\n\t\t<div class=\"mb-3\">\n\t\t\t<p><span class=\"wpcf7-form-control-wrap\" data-name=\"accettazione\"><span class=\"wpcf7-form-control wpcf7-acceptance\"><span class=\"wpcf7-list-item\"><label><input type=\"checkbox\" name=\"accettazione\" value=\"1\" aria-invalid=\"false\" \/><span class=\"wpcf7-list-item-label\"><small>Acconsento al trattamento dei dati personali in accordo alla <a href=\"\/privacy-policy\/\" target=\"_blank\">Privacy Policy<\/a><\/small><\/span><\/label><\/span><\/span><\/span>\n\t\t\t<\/p>\n\t\t<\/div>\n\t\t<div class=\"\">\n\t\t\t<p><input class=\"wpcf7-form-control wpcf7-submit has-spinner w-100 button-lg\" type=\"submit\" value=\"INVIA\" \/>\n\t\t\t<\/p>\n\t\t<\/div>\n\t<\/div>\n<\/div><p style=\"display: none !important;\" class=\"akismet-fields-container\" data-prefix=\"_wpcf7_ak_\"><label>&#916;<textarea name=\"_wpcf7_ak_hp_textarea\" cols=\"45\" rows=\"8\" maxlength=\"100\"><\/textarea><\/label><input type=\"hidden\" id=\"ak_js_1\" name=\"_wpcf7_ak_js\" value=\"194\"\/><script>document.getElementById( \"ak_js_1\" ).setAttribute( \"value\", ( new Date() ).getTime() );<\/script><\/p><div class=\"wpcf7-response-output\" aria-hidden=\"true\"><\/div>\n<\/form>\n<\/div>\n\t\t\t\t<\/div>\n\t\t\t\t<\/div>\n\t\t\t\t\t<\/div>\n\t\t<\/div>\n\t\t\t\t\t<\/div>\n\t\t<\/section>\n\t\t\t\t<section class=\"elementor-section elementor-top-section elementor-element elementor-element-3b35228 elementor-section-stretched elementor-section-full_width elementor-section-height-default elementor-section-height-default\" data-id=\"3b35228\" data-element_type=\"section\" data-e-type=\"section\" data-settings=\"{&quot;stretch_section&quot;:&quot;section-stretched&quot;}\">\n\t\t\t\t\t\t<div class=\"elementor-container elementor-column-gap-no\">\n\t\t\t\t\t<div class=\"elementor-column elementor-col-100 elementor-top-column elementor-element elementor-element-32e3cc1\" data-id=\"32e3cc1\" data-element_type=\"column\" data-e-type=\"column\">\n\t\t\t<div class=\"elementor-widget-wrap elementor-element-populated\">\n\t\t\t\t\t\t<div class=\"elementor-element elementor-element-f705cb3 elementor-widget elementor-widget-html\" data-id=\"f705cb3\" data-element_type=\"widget\" data-e-type=\"widget\" data-widget_type=\"html.default\">\n\t\t\t\t<div class=\"elementor-widget-container\">\n\t\t\t\t\t<iframe src=\"https:\/\/www.google.com\/maps\/embed?pb=!1m18!1m12!1m3!1d1973.2831336531242!2d13.673698032031728!3d42.24990577670537!2m3!1f0!2f0!3f0!3m2!1i1024!2i768!4f13.1!3m3!1m2!1s0x13302ef1a860aa1b%3A0x18b14d2c905e4c93!2s67020%20Caporciano%20AQ!5e1!3m2!1sit!2sit!4v1731928861258!5m2!1sit!2sit\" width=\"100%\" height=\"450\" style=\"border:0;\" allowfullscreen=\"\" loading=\"lazy\" referrerpolicy=\"no-referrer-when-downgrade\"><\/iframe>\t\t\t\t<\/div>\n\t\t\t\t<\/div>\n\t\t\t\t\t<\/div>\n\t\t<\/div>\n\t\t\t\t\t<\/div>\n\t\t<\/section>\n\t\t\t\t<\/div>\n\t\t","protected":false},"excerpt":{"rendered":"<p>Kontakt INFORMATIONEN ANFORDERN D&#8217;Alessandro Palast Piazzetta Berardino D&#8217;Alessandro,67020 Caporciano AQ TELEFON +39 335 599 4204 EMAIL info@palazzodalessandro.it Nome Email Telefono Scegli la tua camera Appartamento CroisetteAppartamento Dolce VitaAppartamento Terence ConranSuite Touring ClubSuite Colonnello D\u2019AlessandroSuite Francesco D\u2019Alessandro Check In Check Out (min 2 notti) Acconsento al trattamento dei dati personali in accordo alla Privacy Policy &#916;<\/p>\n","protected":false},"author":2,"featured_media":0,"parent":0,"menu_order":7,"comment_status":"closed","ping_status":"closed","template":"","meta":{"footnotes":""},"class_list":["post-10122","page","type-page","status-publish","hentry"],"yoast_head":"<!-- This site is optimized with the Yoast SEO plugin v27.4 - https:\/\/yoast.com\/product\/yoast-seo-wordpress\/ -->\n<title>Kontakt &#8226; Palazzo D&#039;Alessandro<\/title>\n<meta name=\"description\" content=\"Kontaktieren Sie uns und fragen Sie nach Informationen f\u00fcr Ihren n\u00e4chsten Aufenthalt im Palazzo D&#039;Alessandro, dem idealen Ausgangspunkt f\u00fcr die Entdeckung der Abruzzen\" \/>\n<meta name=\"robots\" content=\"index, follow, max-snippet:-1, max-image-preview:large, max-video-preview:-1\" \/>\n<link rel=\"canonical\" href=\"https:\/\/www.palazzodalessandro.it\/de\/kontakt\/\" \/>\n<meta property=\"og:locale\" content=\"de_DE\" \/>\n<meta property=\"og:type\" content=\"article\" \/>\n<meta property=\"og:title\" content=\"Kontakt &#8226; Palazzo D&#039;Alessandro\" \/>\n<meta property=\"og:description\" content=\"Kontaktieren Sie uns und fragen Sie nach Informationen f\u00fcr Ihren n\u00e4chsten Aufenthalt im Palazzo D&#039;Alessandro, dem idealen Ausgangspunkt f\u00fcr die Entdeckung der Abruzzen\" \/>\n<meta property=\"og:url\" content=\"https:\/\/www.palazzodalessandro.it\/de\/kontakt\/\" \/>\n<meta property=\"og:site_name\" content=\"Palazzo D&#039;Alessandro\" \/>\n<meta property=\"article:modified_time\" content=\"2026-03-27T06:57:02+00:00\" \/>\n<meta name=\"twitter:card\" content=\"summary_large_image\" \/>\n<script type=\"application\/ld+json\" class=\"yoast-schema-graph\">{\"@context\":\"https:\\\/\\\/schema.org\",\"@graph\":[{\"@type\":\"WebPage\",\"@id\":\"https:\\\/\\\/www.palazzodalessandro.it\\\/de\\\/kontakt\\\/\",\"url\":\"https:\\\/\\\/www.palazzodalessandro.it\\\/de\\\/kontakt\\\/\",\"name\":\"Kontakt &#8226; Palazzo D'Alessandro\",\"isPartOf\":{\"@id\":\"https:\\\/\\\/www.palazzodalessandro.it\\\/de\\\/#website\"},\"datePublished\":\"2018-12-20T03:27:24+00:00\",\"dateModified\":\"2026-03-27T06:57:02+00:00\",\"description\":\"Kontaktieren Sie uns und fragen Sie nach Informationen f\u00fcr Ihren n\u00e4chsten Aufenthalt im Palazzo D'Alessandro, dem idealen Ausgangspunkt f\u00fcr die Entdeckung der Abruzzen\",\"breadcrumb\":{\"@id\":\"https:\\\/\\\/www.palazzodalessandro.it\\\/de\\\/kontakt\\\/#breadcrumb\"},\"inLanguage\":\"de\",\"potentialAction\":[{\"@type\":\"ReadAction\",\"target\":[\"https:\\\/\\\/www.palazzodalessandro.it\\\/de\\\/kontakt\\\/\"]}]},{\"@type\":\"BreadcrumbList\",\"@id\":\"https:\\\/\\\/www.palazzodalessandro.it\\\/de\\\/kontakt\\\/#breadcrumb\",\"itemListElement\":[{\"@type\":\"ListItem\",\"position\":1,\"name\":\"Home\",\"item\":\"https:\\\/\\\/www.palazzodalessandro.it\\\/de\\\/\"},{\"@type\":\"ListItem\",\"position\":2,\"name\":\"Kontakt\"}]},{\"@type\":\"WebSite\",\"@id\":\"https:\\\/\\\/www.palazzodalessandro.it\\\/de\\\/#website\",\"url\":\"https:\\\/\\\/www.palazzodalessandro.it\\\/de\\\/\",\"name\":\"Palazzo D'Alessandro\",\"description\":\"Wunderkammer &amp; Suites\",\"publisher\":{\"@id\":\"https:\\\/\\\/www.palazzodalessandro.it\\\/de\\\/#organization\"},\"potentialAction\":[{\"@type\":\"SearchAction\",\"target\":{\"@type\":\"EntryPoint\",\"urlTemplate\":\"https:\\\/\\\/www.palazzodalessandro.it\\\/de\\\/?s={search_term_string}\"},\"query-input\":{\"@type\":\"PropertyValueSpecification\",\"valueRequired\":true,\"valueName\":\"search_term_string\"}}],\"inLanguage\":\"de\"},{\"@type\":\"Organization\",\"@id\":\"https:\\\/\\\/www.palazzodalessandro.it\\\/de\\\/#organization\",\"name\":\"Palazzo D'Alessandro\",\"url\":\"https:\\\/\\\/www.palazzodalessandro.it\\\/de\\\/\",\"logo\":{\"@type\":\"ImageObject\",\"inLanguage\":\"de\",\"@id\":\"https:\\\/\\\/www.palazzodalessandro.it\\\/de\\\/#\\\/schema\\\/logo\\\/image\\\/\",\"url\":\"https:\\\/\\\/www.palazzodalessandro.it\\\/wp-content\\\/uploads\\\/2024\\\/10\\\/PDA-logo-black.svg\",\"contentUrl\":\"https:\\\/\\\/www.palazzodalessandro.it\\\/wp-content\\\/uploads\\\/2024\\\/10\\\/PDA-logo-black.svg\",\"width\":377,\"height\":70,\"caption\":\"Palazzo D'Alessandro\"},\"image\":{\"@id\":\"https:\\\/\\\/www.palazzodalessandro.it\\\/de\\\/#\\\/schema\\\/logo\\\/image\\\/\"}}]}<\/script>\n<!-- \/ Yoast SEO plugin. -->","yoast_head_json":{"title":"Kontakt &#8226; Palazzo D'Alessandro","description":"Kontaktieren Sie uns und fragen Sie nach Informationen f\u00fcr Ihren n\u00e4chsten Aufenthalt im Palazzo D'Alessandro, dem idealen Ausgangspunkt f\u00fcr die Entdeckung der Abruzzen","robots":{"index":"index","follow":"follow","max-snippet":"max-snippet:-1","max-image-preview":"max-image-preview:large","max-video-preview":"max-video-preview:-1"},"canonical":"https:\/\/www.palazzodalessandro.it\/de\/kontakt\/","og_locale":"de_DE","og_type":"article","og_title":"Kontakt &#8226; Palazzo D'Alessandro","og_description":"Kontaktieren Sie uns und fragen Sie nach Informationen f\u00fcr Ihren n\u00e4chsten Aufenthalt im Palazzo D'Alessandro, dem idealen Ausgangspunkt f\u00fcr die Entdeckung der Abruzzen","og_url":"https:\/\/www.palazzodalessandro.it\/de\/kontakt\/","og_site_name":"Palazzo D'Alessandro","article_modified_time":"2026-03-27T06:57:02+00:00","twitter_card":"summary_large_image","schema":{"@context":"https:\/\/schema.org","@graph":[{"@type":"WebPage","@id":"https:\/\/www.palazzodalessandro.it\/de\/kontakt\/","url":"https:\/\/www.palazzodalessandro.it\/de\/kontakt\/","name":"Kontakt &#8226; Palazzo D'Alessandro","isPartOf":{"@id":"https:\/\/www.palazzodalessandro.it\/de\/#website"},"datePublished":"2018-12-20T03:27:24+00:00","dateModified":"2026-03-27T06:57:02+00:00","description":"Kontaktieren Sie uns und fragen Sie nach Informationen f\u00fcr Ihren n\u00e4chsten Aufenthalt im Palazzo D'Alessandro, dem idealen Ausgangspunkt f\u00fcr die Entdeckung der Abruzzen","breadcrumb":{"@id":"https:\/\/www.palazzodalessandro.it\/de\/kontakt\/#breadcrumb"},"inLanguage":"de","potentialAction":[{"@type":"ReadAction","target":["https:\/\/www.palazzodalessandro.it\/de\/kontakt\/"]}]},{"@type":"BreadcrumbList","@id":"https:\/\/www.palazzodalessandro.it\/de\/kontakt\/#breadcrumb","itemListElement":[{"@type":"ListItem","position":1,"name":"Home","item":"https:\/\/www.palazzodalessandro.it\/de\/"},{"@type":"ListItem","position":2,"name":"Kontakt"}]},{"@type":"WebSite","@id":"https:\/\/www.palazzodalessandro.it\/de\/#website","url":"https:\/\/www.palazzodalessandro.it\/de\/","name":"Palazzo D'Alessandro","description":"Wunderkammer &amp; Suites","publisher":{"@id":"https:\/\/www.palazzodalessandro.it\/de\/#organization"},"potentialAction":[{"@type":"SearchAction","target":{"@type":"EntryPoint","urlTemplate":"https:\/\/www.palazzodalessandro.it\/de\/?s={search_term_string}"},"query-input":{"@type":"PropertyValueSpecification","valueRequired":true,"valueName":"search_term_string"}}],"inLanguage":"de"},{"@type":"Organization","@id":"https:\/\/www.palazzodalessandro.it\/de\/#organization","name":"Palazzo D'Alessandro","url":"https:\/\/www.palazzodalessandro.it\/de\/","logo":{"@type":"ImageObject","inLanguage":"de","@id":"https:\/\/www.palazzodalessandro.it\/de\/#\/schema\/logo\/image\/","url":"https:\/\/www.palazzodalessandro.it\/wp-content\/uploads\/2024\/10\/PDA-logo-black.svg","contentUrl":"https:\/\/www.palazzodalessandro.it\/wp-content\/uploads\/2024\/10\/PDA-logo-black.svg","width":377,"height":70,"caption":"Palazzo D'Alessandro"},"image":{"@id":"https:\/\/www.palazzodalessandro.it\/de\/#\/schema\/logo\/image\/"}}]}},"_links":{"self":[{"href":"https:\/\/www.palazzodalessandro.it\/de\/wp-json\/wp\/v2\/pages\/10122","targetHints":{"allow":["GET"]}}],"collection":[{"href":"https:\/\/www.palazzodalessandro.it\/de\/wp-json\/wp\/v2\/pages"}],"about":[{"href":"https:\/\/www.palazzodalessandro.it\/de\/wp-json\/wp\/v2\/types\/page"}],"author":[{"embeddable":true,"href":"https:\/\/www.palazzodalessandro.it\/de\/wp-json\/wp\/v2\/users\/2"}],"replies":[{"embeddable":true,"href":"https:\/\/www.palazzodalessandro.it\/de\/wp-json\/wp\/v2\/comments?post=10122"}],"version-history":[{"count":1,"href":"https:\/\/www.palazzodalessandro.it\/de\/wp-json\/wp\/v2\/pages\/10122\/revisions"}],"predecessor-version":[{"id":10124,"href":"https:\/\/www.palazzodalessandro.it\/de\/wp-json\/wp\/v2\/pages\/10122\/revisions\/10124"}],"wp:attachment":[{"href":"https:\/\/www.palazzodalessandro.it\/de\/wp-json\/wp\/v2\/media?parent=10122"}],"curies":[{"name":"wp","href":"https:\/\/api.w.org\/{rel}","templated":true}]}}