{"id":10242,"date":"2026-03-19T11:55:17","date_gmt":"2026-03-19T10:55:17","guid":{"rendered":"https:\/\/www.palazzodalessandro.it\/angebote\/"},"modified":"2026-03-27T07:57:21","modified_gmt":"2026-03-27T06:57:21","slug":"angebote","status":"publish","type":"page","link":"https:\/\/www.palazzodalessandro.it\/de\/angebote\/","title":{"rendered":"Angebote"},"content":{"rendered":"\t\t<div data-elementor-type=\"wp-post\" data-elementor-id=\"10242\" class=\"elementor elementor-10242 elementor-10051\">\n\t\t\t\t\t\t<section class=\"elementor-section elementor-top-section elementor-element elementor-element-36da1225 elementor-section-stretched elementor-section-height-min-height elementor-section-boxed elementor-section-height-default elementor-section-items-middle\" data-id=\"36da1225\" data-element_type=\"section\" data-e-type=\"section\" data-settings=\"{&quot;stretch_section&quot;:&quot;section-stretched&quot;,&quot;background_background&quot;:&quot;classic&quot;}\">\n\t\t\t\t\t\t\t<div class=\"elementor-background-overlay\"><\/div>\n\t\t\t\t\t\t\t<div class=\"elementor-container elementor-column-gap-no\">\n\t\t\t\t\t<div class=\"elementor-column elementor-col-100 elementor-top-column elementor-element elementor-element-1b841255\" data-id=\"1b841255\" data-element_type=\"column\" data-e-type=\"column\">\n\t\t\t<div class=\"elementor-widget-wrap elementor-element-populated\">\n\t\t\t\t\t\t<div class=\"elementor-element elementor-element-72cd2751 elementor-heading__align-center elementor-widget elementor-widget-heading\" data-id=\"72cd2751\" data-element_type=\"widget\" data-e-type=\"widget\" data-widget_type=\"heading.default\">\n\t\t\t\t<div class=\"elementor-widget-container\">\n\t\t\t\t\t<h1 class=\"elementor-heading-title elementor-size-default\">ANGEBOTE<\/h1>\t\t\t\t<\/div>\n\t\t\t\t<\/div>\n\t\t\t\t<div class=\"elementor-element elementor-element-d9da758 elementor-widget elementor-widget-text-editor\" data-id=\"d9da758\" data-element_type=\"widget\" data-e-type=\"widget\" data-widget_type=\"text-editor.default\">\n\t\t\t\t<div class=\"elementor-widget-container\">\n\t\t\t\t\t\t\t\t\t<p style=\"text-align: center;\">Erleben Sie einen authentischen Aufenthalt in den Abruzzen inmitten von Geschichte, m\u00e4rchenhaften Landschaften und Traditionen<\/p>\t\t\t\t\t\t\t\t<\/div>\n\t\t\t\t<\/div>\n\t\t\t\t\t<\/div>\n\t\t<\/div>\n\t\t\t\t\t<\/div>\n\t\t<\/section>\n\t\t\t\t<section class=\"elementor-section elementor-top-section elementor-element elementor-element-891b4e8 elementor-section-stretched elementor-section-boxed elementor-section-height-default elementor-section-height-default\" data-id=\"891b4e8\" data-element_type=\"section\" data-e-type=\"section\" data-settings=\"{&quot;stretch_section&quot;:&quot;section-stretched&quot;}\">\n\t\t\t\t\t\t<div class=\"elementor-container elementor-column-gap-no\">\n\t\t\t\t\t<div class=\"elementor-column elementor-col-100 elementor-top-column elementor-element elementor-element-f2957e5\" data-id=\"f2957e5\" data-element_type=\"column\" data-e-type=\"column\">\n\t\t\t<div class=\"elementor-widget-wrap elementor-element-populated\">\n\t\t\t\t\t\t<div class=\"elementor-element elementor-element-5bde3eb elementor-widget elementor-widget-text-editor\" data-id=\"5bde3eb\" data-element_type=\"widget\" data-e-type=\"widget\" data-widget_type=\"text-editor.default\">\n\t\t\t\t<div class=\"elementor-widget-container\">\n\t\t\t\t\t\t\t\t\t<p style=\"text-align: center;\"><strong>G\u00f6nnen Sie sich einen Traumaufenthalt in jahrhundertealten Mauern und profitieren Sie von den Erm\u00e4\u00dfigungen und Privilegien, die f\u00fcr diejenigen reserviert sind, die sich direkt an uns wenden. Je l\u00e4nger Sie bleiben, desto gr\u00f6\u00dfer ist der Vorteil. <\/strong><\/p>\t\t\t\t\t\t\t\t<\/div>\n\t\t\t\t<\/div>\n\t\t\t\t<div class=\"elementor-element elementor-element-6efd9c2 elementor-widget elementor-widget-text-editor\" data-id=\"6efd9c2\" data-element_type=\"widget\" data-e-type=\"widget\" data-widget_type=\"text-editor.default\">\n\t\t\t\t<div class=\"elementor-widget-container\">\n\t\t\t\t\t\t\t\t\t<p style=\"text-align: center;\">Inmitten von Fresken, poppigem Design und Apennin-Panoramen \u00f6ffnet der Palazzo D&#8217;Alessandro seine T\u00fcren weit f\u00fcr Ihren Wunsch nach langsamer Sch\u00f6nheit.<\/p>\t\t\t\t\t\t\t\t<\/div>\n\t\t\t\t<\/div>\n\t\t\t\t\t<\/div>\n\t\t<\/div>\n\t\t\t\t\t<\/div>\n\t\t<\/section>\n\t\t<div class=\"elementor-element elementor-element-c6e4714 e-flex e-con-boxed e-con e-parent\" data-id=\"c6e4714\" data-element_type=\"container\" data-e-type=\"container\">\n\t\t\t\t\t<div class=\"e-con-inner\">\n\t\t\t\t<div class=\"elementor-element elementor-element-120f479 elementor-widget elementor-widget-text-editor\" data-id=\"120f479\" data-element_type=\"widget\" data-e-type=\"widget\" data-widget_type=\"text-editor.default\">\n\t\t\t\t<div class=\"elementor-widget-container\">\n\t\t\t\t\t\t\t\t\t<p><div data-role=\"slope-promo\" class=\"slope-promo-container\"  data-open-new-tab=\"true\" data-id=\"127ef371-f1fd-4776-8a03-e554315753b4\" data-lang=\"it\"><div class=\"slp-loading-indicator\"><div class=\"slp-loading-spinner\"><\/div><\/div><\/div><\/p>\t\t\t\t\t\t\t\t<\/div>\n\t\t\t\t<\/div>\n\t\t\t\t\t<\/div>\n\t\t\t\t<\/div>\n\t\t<div class=\"elementor-element elementor-element-70032af e-flex e-con-boxed e-con e-parent\" data-id=\"70032af\" data-element_type=\"container\" data-e-type=\"container\">\n\t\t\t\t\t<div class=\"e-con-inner\">\n\t\t\t\t<div class=\"elementor-element elementor-element-4afb207 elementor-widget elementor-widget-image\" data-id=\"4afb207\" data-element_type=\"widget\" data-e-type=\"widget\" data-widget_type=\"image.default\">\n\t\t\t\t<div class=\"elementor-widget-container\">\n\t\t\t\t\t\t\t\t\t\t\t\t\t\t\t<img fetchpriority=\"high\" decoding=\"async\" width=\"600\" height=\"338\" src=\"https:\/\/www.palazzodalessandro.it\/wp-content\/uploads\/2026\/03\/Pacchetto-weekend-palazzo-dalessandro-primavera-1024x576.webp\" class=\"attachment-large size-large wp-image-10243\" alt=\"Palazzo D&#039;Alessandro Wochenendpaket\" srcset=\"https:\/\/www.palazzodalessandro.it\/wp-content\/uploads\/2026\/03\/Pacchetto-weekend-palazzo-dalessandro-primavera-1024x576.webp 1024w, https:\/\/www.palazzodalessandro.it\/wp-content\/uploads\/2026\/03\/Pacchetto-weekend-palazzo-dalessandro-primavera-300x169.webp 300w, https:\/\/www.palazzodalessandro.it\/wp-content\/uploads\/2026\/03\/Pacchetto-weekend-palazzo-dalessandro-primavera-768x432.webp 768w, https:\/\/www.palazzodalessandro.it\/wp-content\/uploads\/2026\/03\/Pacchetto-weekend-palazzo-dalessandro-primavera-1536x864.webp 1536w, https:\/\/www.palazzodalessandro.it\/wp-content\/uploads\/2026\/03\/Pacchetto-weekend-palazzo-dalessandro-primavera-400x225.webp 400w, https:\/\/www.palazzodalessandro.it\/wp-content\/uploads\/2026\/03\/Pacchetto-weekend-palazzo-dalessandro-primavera.webp 1920w\" sizes=\"(max-width: 600px) 100vw, 600px\" \/>\t\t\t\t\t\t\t\t\t\t\t\t\t\t\t<\/div>\n\t\t\t\t<\/div>\n\t\t\t\t<div class=\"elementor-element elementor-element-8beb56d elementor-heading__align-center elementor-widget elementor-widget-heading\" data-id=\"8beb56d\" data-element_type=\"widget\" data-e-type=\"widget\" data-widget_type=\"heading.default\">\n\t\t\t\t<div class=\"elementor-widget-container\">\n\t\t\t\t\t<h2 class=\"elementor-heading-title elementor-size-default\">SIEHE UNSERE WOCHENENDPAKETE<\/h2>\t\t\t\t<\/div>\n\t\t\t\t<\/div>\n\t\t\t\t<div class=\"elementor-element elementor-element-97b1666 elementor-align-center elementor-button-primary elementor-widget elementor-widget-button\" data-id=\"97b1666\" data-element_type=\"widget\" data-e-type=\"widget\" data-widget_type=\"button.default\">\n\t\t\t\t<div class=\"elementor-widget-container\">\n\t\t\t\t\t        <div class=\"elementor-button-wrapper\">\n            <a href=\"https:\/\/www.palazzodalessandro.it\/pacchetto-weekend\/\" class=\"elementor-button-link elementor-button elementor-size-lg\" role=\"button\">\n                \t\t<span class=\"elementor-button-content-wrapper\">\n\t\t\t\t\t\t\t\t\t<span class=\"elementor-button-text\">ENTDECKEN SIE DIE PROMO<\/span>\n\t\t\t\t\t<\/span>\n\t\t            <\/a>\n        <\/div>\n        \t\t\t\t<\/div>\n\t\t\t\t<\/div>\n\t\t\t\t\t<\/div>\n\t\t\t\t<\/div>\n\t\t\t\t<\/div>\n\t\t","protected":false},"excerpt":{"rendered":"<p>ANGEBOTE Erleben Sie einen authentischen Aufenthalt in den Abruzzen inmitten von Geschichte, m\u00e4rchenhaften Landschaften und Traditionen G\u00f6nnen Sie sich einen Traumaufenthalt in jahrhundertealten Mauern und profitieren Sie von den Erm\u00e4\u00dfigungen und Privilegien, die f\u00fcr diejenigen reserviert sind, die sich direkt an uns wenden. Je l\u00e4nger Sie bleiben, desto gr\u00f6\u00dfer ist der Vorteil. Inmitten von Fresken, &hellip; <\/p>\n<p class=\"link-more\"><a href=\"https:\/\/www.palazzodalessandro.it\/de\/angebote\/\" class=\"more-link\">Read More <span class=\"screen-reader-text\"> &#8222;Angebote&#8220;<\/span><\/a><\/p>\n","protected":false},"author":2,"featured_media":10244,"parent":0,"menu_order":6,"comment_status":"closed","ping_status":"closed","template":"","meta":{"footnotes":""},"class_list":["post-10242","page","type-page","status-publish","has-post-thumbnail","hentry"],"yoast_head":"<!-- This site is optimized with the Yoast SEO plugin v27.4 - https:\/\/yoast.com\/product\/yoast-seo-wordpress\/ -->\n<title>Angebote &#8226; Palazzo D&#039;Alessandro<\/title>\n<meta name=\"description\" content=\"Abruzzen Urlaub Angebot 20% Rabatt. Erleben Sie die authentischsten Abruzzen. Palazzo D&#039;Alessandro in Caporciano zwischen Natur, Kunst und Geschmack\" \/>\n<meta name=\"robots\" content=\"index, follow, max-snippet:-1, max-image-preview:large, max-video-preview:-1\" \/>\n<link rel=\"canonical\" href=\"https:\/\/www.palazzodalessandro.it\/de\/angebote\/\" \/>\n<meta property=\"og:locale\" content=\"de_DE\" \/>\n<meta property=\"og:type\" content=\"article\" \/>\n<meta property=\"og:title\" content=\"Angebote &#8226; Palazzo D&#039;Alessandro\" \/>\n<meta property=\"og:description\" content=\"Abruzzen Urlaub Angebot 20% Rabatt. Erleben Sie die authentischsten Abruzzen. Palazzo D&#039;Alessandro in Caporciano zwischen Natur, Kunst und Geschmack\" \/>\n<meta property=\"og:url\" content=\"https:\/\/www.palazzodalessandro.it\/de\/angebote\/\" \/>\n<meta property=\"og:site_name\" content=\"Palazzo D&#039;Alessandro\" \/>\n<meta property=\"article:modified_time\" content=\"2026-03-27T06:57:21+00:00\" \/>\n<meta property=\"og:image\" content=\"https:\/\/www.palazzodalessandro.it\/wp-content\/uploads\/2024\/11\/panorama.webp\" \/>\n\t<meta property=\"og:image:width\" content=\"2048\" \/>\n\t<meta property=\"og:image:height\" content=\"1324\" \/>\n\t<meta property=\"og:image:type\" content=\"image\/webp\" \/>\n<meta name=\"twitter:card\" content=\"summary_large_image\" \/>\n<script type=\"application\/ld+json\" class=\"yoast-schema-graph\">{\"@context\":\"https:\\\/\\\/schema.org\",\"@graph\":[{\"@type\":\"WebPage\",\"@id\":\"https:\\\/\\\/www.palazzodalessandro.it\\\/de\\\/angebote\\\/\",\"url\":\"https:\\\/\\\/www.palazzodalessandro.it\\\/de\\\/angebote\\\/\",\"name\":\"Angebote &#8226; Palazzo D'Alessandro\",\"isPartOf\":{\"@id\":\"https:\\\/\\\/www.palazzodalessandro.it\\\/de\\\/#website\"},\"primaryImageOfPage\":{\"@id\":\"https:\\\/\\\/www.palazzodalessandro.it\\\/de\\\/angebote\\\/#primaryimage\"},\"image\":{\"@id\":\"https:\\\/\\\/www.palazzodalessandro.it\\\/de\\\/angebote\\\/#primaryimage\"},\"thumbnailUrl\":\"https:\\\/\\\/www.palazzodalessandro.it\\\/wp-content\\\/uploads\\\/2024\\\/11\\\/panorama.webp\",\"datePublished\":\"2026-03-19T10:55:17+00:00\",\"dateModified\":\"2026-03-27T06:57:21+00:00\",\"description\":\"Abruzzen Urlaub Angebot 20% Rabatt. Erleben Sie die authentischsten Abruzzen. Palazzo D'Alessandro in Caporciano zwischen Natur, Kunst und Geschmack\",\"breadcrumb\":{\"@id\":\"https:\\\/\\\/www.palazzodalessandro.it\\\/de\\\/angebote\\\/#breadcrumb\"},\"inLanguage\":\"de\",\"potentialAction\":[{\"@type\":\"ReadAction\",\"target\":[\"https:\\\/\\\/www.palazzodalessandro.it\\\/de\\\/angebote\\\/\"]}]},{\"@type\":\"ImageObject\",\"inLanguage\":\"de\",\"@id\":\"https:\\\/\\\/www.palazzodalessandro.it\\\/de\\\/angebote\\\/#primaryimage\",\"url\":\"https:\\\/\\\/www.palazzodalessandro.it\\\/wp-content\\\/uploads\\\/2024\\\/11\\\/panorama.webp\",\"contentUrl\":\"https:\\\/\\\/www.palazzodalessandro.it\\\/wp-content\\\/uploads\\\/2024\\\/11\\\/panorama.webp\",\"width\":2048,\"height\":1324,\"caption\":\"panorama\"},{\"@type\":\"BreadcrumbList\",\"@id\":\"https:\\\/\\\/www.palazzodalessandro.it\\\/de\\\/angebote\\\/#breadcrumb\",\"itemListElement\":[{\"@type\":\"ListItem\",\"position\":1,\"name\":\"Home\",\"item\":\"https:\\\/\\\/www.palazzodalessandro.it\\\/de\\\/\"},{\"@type\":\"ListItem\",\"position\":2,\"name\":\"Angebote\"}]},{\"@type\":\"WebSite\",\"@id\":\"https:\\\/\\\/www.palazzodalessandro.it\\\/de\\\/#website\",\"url\":\"https:\\\/\\\/www.palazzodalessandro.it\\\/de\\\/\",\"name\":\"Palazzo D'Alessandro\",\"description\":\"Wunderkammer &amp; Suites\",\"publisher\":{\"@id\":\"https:\\\/\\\/www.palazzodalessandro.it\\\/de\\\/#organization\"},\"potentialAction\":[{\"@type\":\"SearchAction\",\"target\":{\"@type\":\"EntryPoint\",\"urlTemplate\":\"https:\\\/\\\/www.palazzodalessandro.it\\\/de\\\/?s={search_term_string}\"},\"query-input\":{\"@type\":\"PropertyValueSpecification\",\"valueRequired\":true,\"valueName\":\"search_term_string\"}}],\"inLanguage\":\"de\"},{\"@type\":\"Organization\",\"@id\":\"https:\\\/\\\/www.palazzodalessandro.it\\\/de\\\/#organization\",\"name\":\"Palazzo D'Alessandro\",\"url\":\"https:\\\/\\\/www.palazzodalessandro.it\\\/de\\\/\",\"logo\":{\"@type\":\"ImageObject\",\"inLanguage\":\"de\",\"@id\":\"https:\\\/\\\/www.palazzodalessandro.it\\\/de\\\/#\\\/schema\\\/logo\\\/image\\\/\",\"url\":\"https:\\\/\\\/www.palazzodalessandro.it\\\/wp-content\\\/uploads\\\/2024\\\/10\\\/PDA-logo-black.svg\",\"contentUrl\":\"https:\\\/\\\/www.palazzodalessandro.it\\\/wp-content\\\/uploads\\\/2024\\\/10\\\/PDA-logo-black.svg\",\"width\":377,\"height\":70,\"caption\":\"Palazzo D'Alessandro\"},\"image\":{\"@id\":\"https:\\\/\\\/www.palazzodalessandro.it\\\/de\\\/#\\\/schema\\\/logo\\\/image\\\/\"}}]}<\/script>\n<!-- \/ Yoast SEO plugin. -->","yoast_head_json":{"title":"Angebote &#8226; Palazzo D'Alessandro","description":"Abruzzen Urlaub Angebot 20% Rabatt. Erleben Sie die authentischsten Abruzzen. Palazzo D'Alessandro in Caporciano zwischen Natur, Kunst und Geschmack","robots":{"index":"index","follow":"follow","max-snippet":"max-snippet:-1","max-image-preview":"max-image-preview:large","max-video-preview":"max-video-preview:-1"},"canonical":"https:\/\/www.palazzodalessandro.it\/de\/angebote\/","og_locale":"de_DE","og_type":"article","og_title":"Angebote &#8226; Palazzo D'Alessandro","og_description":"Abruzzen Urlaub Angebot 20% Rabatt. Erleben Sie die authentischsten Abruzzen. Palazzo D'Alessandro in Caporciano zwischen Natur, Kunst und Geschmack","og_url":"https:\/\/www.palazzodalessandro.it\/de\/angebote\/","og_site_name":"Palazzo D'Alessandro","article_modified_time":"2026-03-27T06:57:21+00:00","og_image":[{"width":2048,"height":1324,"url":"https:\/\/www.palazzodalessandro.it\/wp-content\/uploads\/2024\/11\/panorama.webp","type":"image\/webp"}],"twitter_card":"summary_large_image","schema":{"@context":"https:\/\/schema.org","@graph":[{"@type":"WebPage","@id":"https:\/\/www.palazzodalessandro.it\/de\/angebote\/","url":"https:\/\/www.palazzodalessandro.it\/de\/angebote\/","name":"Angebote &#8226; Palazzo D'Alessandro","isPartOf":{"@id":"https:\/\/www.palazzodalessandro.it\/de\/#website"},"primaryImageOfPage":{"@id":"https:\/\/www.palazzodalessandro.it\/de\/angebote\/#primaryimage"},"image":{"@id":"https:\/\/www.palazzodalessandro.it\/de\/angebote\/#primaryimage"},"thumbnailUrl":"https:\/\/www.palazzodalessandro.it\/wp-content\/uploads\/2024\/11\/panorama.webp","datePublished":"2026-03-19T10:55:17+00:00","dateModified":"2026-03-27T06:57:21+00:00","description":"Abruzzen Urlaub Angebot 20% Rabatt. Erleben Sie die authentischsten Abruzzen. Palazzo D'Alessandro in Caporciano zwischen Natur, Kunst und Geschmack","breadcrumb":{"@id":"https:\/\/www.palazzodalessandro.it\/de\/angebote\/#breadcrumb"},"inLanguage":"de","potentialAction":[{"@type":"ReadAction","target":["https:\/\/www.palazzodalessandro.it\/de\/angebote\/"]}]},{"@type":"ImageObject","inLanguage":"de","@id":"https:\/\/www.palazzodalessandro.it\/de\/angebote\/#primaryimage","url":"https:\/\/www.palazzodalessandro.it\/wp-content\/uploads\/2024\/11\/panorama.webp","contentUrl":"https:\/\/www.palazzodalessandro.it\/wp-content\/uploads\/2024\/11\/panorama.webp","width":2048,"height":1324,"caption":"panorama"},{"@type":"BreadcrumbList","@id":"https:\/\/www.palazzodalessandro.it\/de\/angebote\/#breadcrumb","itemListElement":[{"@type":"ListItem","position":1,"name":"Home","item":"https:\/\/www.palazzodalessandro.it\/de\/"},{"@type":"ListItem","position":2,"name":"Angebote"}]},{"@type":"WebSite","@id":"https:\/\/www.palazzodalessandro.it\/de\/#website","url":"https:\/\/www.palazzodalessandro.it\/de\/","name":"Palazzo D'Alessandro","description":"Wunderkammer &amp; Suites","publisher":{"@id":"https:\/\/www.palazzodalessandro.it\/de\/#organization"},"potentialAction":[{"@type":"SearchAction","target":{"@type":"EntryPoint","urlTemplate":"https:\/\/www.palazzodalessandro.it\/de\/?s={search_term_string}"},"query-input":{"@type":"PropertyValueSpecification","valueRequired":true,"valueName":"search_term_string"}}],"inLanguage":"de"},{"@type":"Organization","@id":"https:\/\/www.palazzodalessandro.it\/de\/#organization","name":"Palazzo D'Alessandro","url":"https:\/\/www.palazzodalessandro.it\/de\/","logo":{"@type":"ImageObject","inLanguage":"de","@id":"https:\/\/www.palazzodalessandro.it\/de\/#\/schema\/logo\/image\/","url":"https:\/\/www.palazzodalessandro.it\/wp-content\/uploads\/2024\/10\/PDA-logo-black.svg","contentUrl":"https:\/\/www.palazzodalessandro.it\/wp-content\/uploads\/2024\/10\/PDA-logo-black.svg","width":377,"height":70,"caption":"Palazzo D'Alessandro"},"image":{"@id":"https:\/\/www.palazzodalessandro.it\/de\/#\/schema\/logo\/image\/"}}]}},"_links":{"self":[{"href":"https:\/\/www.palazzodalessandro.it\/de\/wp-json\/wp\/v2\/pages\/10242","targetHints":{"allow":["GET"]}}],"collection":[{"href":"https:\/\/www.palazzodalessandro.it\/de\/wp-json\/wp\/v2\/pages"}],"about":[{"href":"https:\/\/www.palazzodalessandro.it\/de\/wp-json\/wp\/v2\/types\/page"}],"author":[{"embeddable":true,"href":"https:\/\/www.palazzodalessandro.it\/de\/wp-json\/wp\/v2\/users\/2"}],"replies":[{"embeddable":true,"href":"https:\/\/www.palazzodalessandro.it\/de\/wp-json\/wp\/v2\/comments?post=10242"}],"version-history":[{"count":1,"href":"https:\/\/www.palazzodalessandro.it\/de\/wp-json\/wp\/v2\/pages\/10242\/revisions"}],"predecessor-version":[{"id":10246,"href":"https:\/\/www.palazzodalessandro.it\/de\/wp-json\/wp\/v2\/pages\/10242\/revisions\/10246"}],"wp:featuredmedia":[{"embeddable":true,"href":"https:\/\/www.palazzodalessandro.it\/de\/wp-json\/wp\/v2\/media\/10244"}],"wp:attachment":[{"href":"https:\/\/www.palazzodalessandro.it\/de\/wp-json\/wp\/v2\/media?parent=10242"}],"curies":[{"name":"wp","href":"https:\/\/api.w.org\/{rel}","templated":true}]}}