{"id":10326,"date":"2026-03-18T17:00:33","date_gmt":"2026-03-18T16:00:33","guid":{"rendered":"https:\/\/www.palazzodalessandro.it\/wochenend-paket\/"},"modified":"2026-03-27T07:57:49","modified_gmt":"2026-03-27T06:57:49","slug":"wochenend-paket","status":"publish","type":"page","link":"https:\/\/www.palazzodalessandro.it\/de\/wochenend-paket\/","title":{"rendered":"Wochenend-Paket"},"content":{"rendered":"\t\t<div data-elementor-type=\"wp-post\" data-elementor-id=\"10326\" class=\"elementor elementor-10326 elementor-9962\">\n\t\t\t\t\t\t<section class=\"elementor-section elementor-top-section elementor-element elementor-element-36da1225 elementor-section-stretched elementor-section-height-min-height elementor-section-boxed elementor-section-height-default elementor-section-items-middle\" data-id=\"36da1225\" data-element_type=\"section\" data-e-type=\"section\" data-settings=\"{&quot;stretch_section&quot;:&quot;section-stretched&quot;,&quot;background_background&quot;:&quot;classic&quot;}\">\n\t\t\t\t\t\t\t<div class=\"elementor-background-overlay\"><\/div>\n\t\t\t\t\t\t\t<div class=\"elementor-container elementor-column-gap-no\">\n\t\t\t\t\t<div class=\"elementor-column elementor-col-100 elementor-top-column elementor-element elementor-element-1b841255\" data-id=\"1b841255\" data-element_type=\"column\" data-e-type=\"column\">\n\t\t\t<div class=\"elementor-widget-wrap elementor-element-populated\">\n\t\t\t\t\t\t<div class=\"elementor-element elementor-element-72cd2751 elementor-heading__align-center elementor-widget elementor-widget-heading\" data-id=\"72cd2751\" data-element_type=\"widget\" data-e-type=\"widget\" data-widget_type=\"heading.default\">\n\t\t\t\t<div class=\"elementor-widget-container\">\n\t\t\t\t\t<h1 class=\"elementor-heading-title elementor-size-default\">Wochenend-Paket<\/h1>\t\t\t\t<\/div>\n\t\t\t\t<\/div>\n\t\t\t\t<div class=\"elementor-element elementor-element-d9da758 elementor-widget elementor-widget-text-editor\" data-id=\"d9da758\" data-element_type=\"widget\" data-e-type=\"widget\" data-widget_type=\"text-editor.default\">\n\t\t\t\t<div class=\"elementor-widget-container\">\n\t\t\t\t\t\t\t\t\t<p style=\"text-align: center;\">Eine Einladung, innezuhalten, durchzuatmen und die authentischsten Abruzzen zu erleben, ohne auf Komfort zu verzichten<\/p>\t\t\t\t\t\t\t\t<\/div>\n\t\t\t\t<\/div>\n\t\t\t\t\t<\/div>\n\t\t<\/div>\n\t\t\t\t\t<\/div>\n\t\t<\/section>\n\t\t\t\t<section class=\"elementor-section elementor-top-section elementor-element elementor-element-891b4e8 elementor-section-stretched elementor-section-boxed elementor-section-height-default elementor-section-height-default\" data-id=\"891b4e8\" data-element_type=\"section\" data-e-type=\"section\" data-settings=\"{&quot;stretch_section&quot;:&quot;section-stretched&quot;}\">\n\t\t\t\t\t\t<div class=\"elementor-container elementor-column-gap-no\">\n\t\t\t\t\t<div class=\"elementor-column elementor-col-100 elementor-top-column elementor-element elementor-element-f2957e5\" data-id=\"f2957e5\" data-element_type=\"column\" data-e-type=\"column\">\n\t\t\t<div class=\"elementor-widget-wrap elementor-element-populated\">\n\t\t\t\t\t\t<div class=\"elementor-element elementor-element-5bde3eb elementor-widget elementor-widget-text-editor\" data-id=\"5bde3eb\" data-element_type=\"widget\" data-e-type=\"widget\" data-widget_type=\"text-editor.default\">\n\t\t\t\t<div class=\"elementor-widget-container\">\n\t\t\t\t\t\t\t\t\t<p style=\"text-align: center;\"><strong>Stellen Sie sich vor, Sie kommen im Palazzo D&#8217;Alessandro, einem alten Herrenhaus in den Abruzzen, an und werden mit einem guten Tee oder einem Glas Wein begr\u00fc\u00dft.<\/strong><\/p><p style=\"text-align: center;\">Drau\u00dfen das Licht, das den Sommer ank\u00fcndigt. Drinnen R\u00e4ume, die Jahrhunderte von Geschichte erz\u00e4hlen.<br>Und am Morgen, wenn Sie durch die D\u00f6rfer oder auf den Hochebenen spazieren, duftet es nach Ginster. Dieses Wochenende ist eine Einladung, innezuhalten, durchzuatmen und die authentischsten Abruzzen zu erleben, ohne auf Komfort zu verzichten.  <\/p>\t\t\t\t\t\t\t\t<\/div>\n\t\t\t\t<\/div>\n\t\t\t\t\t<\/div>\n\t\t<\/div>\n\t\t\t\t\t<\/div>\n\t\t<\/section>\n\t\t\t\t<section class=\"elementor-section elementor-top-section elementor-element elementor-element-c70cfd5 elementor-section-stretched elementor-section-boxed elementor-section-height-default elementor-section-height-default\" data-id=\"c70cfd5\" data-element_type=\"section\" data-e-type=\"section\" data-settings=\"{&quot;stretch_section&quot;:&quot;section-stretched&quot;,&quot;background_background&quot;:&quot;classic&quot;}\">\n\t\t\t\t\t\t<div class=\"elementor-container elementor-column-gap-no\">\n\t\t\t\t\t<div class=\"elementor-column elementor-col-100 elementor-top-column elementor-element elementor-element-94b4799\" data-id=\"94b4799\" data-element_type=\"column\" data-e-type=\"column\">\n\t\t\t<div class=\"elementor-widget-wrap elementor-element-populated\">\n\t\t\t\t\t\t<section class=\"elementor-section elementor-inner-section elementor-element elementor-element-0dadd8b elementor-section-boxed elementor-section-height-default elementor-section-height-default\" data-id=\"0dadd8b\" data-element_type=\"section\" data-e-type=\"section\">\n\t\t\t\t\t\t<div class=\"elementor-container elementor-column-gap-no\">\n\t\t\t\t\t<div class=\"elementor-column elementor-col-50 elementor-inner-column elementor-element elementor-element-b0c6784 animated-fast elementor-invisible\" data-id=\"b0c6784\" data-element_type=\"column\" data-e-type=\"column\" data-settings=\"{&quot;animation&quot;:&quot;opal-scale-up&quot;,&quot;animation_delay&quot;:100}\">\n\t\t\t<div class=\"elementor-widget-wrap elementor-element-populated\">\n\t\t\t\t\t\t<div class=\"elementor-element elementor-element-4ffa2a0 elementor-widget elementor-widget-heading\" data-id=\"4ffa2a0\" data-element_type=\"widget\" data-e-type=\"widget\" data-widget_type=\"heading.default\">\n\t\t\t\t<div class=\"elementor-widget-container\">\n\t\t\t\t\t<h2 class=\"elementor-heading-title elementor-size-default\">Der Aufenthalt umfasst<\/h2>\t\t\t\t<\/div>\n\t\t\t\t<\/div>\n\t\t\t\t<div class=\"elementor-element elementor-element-5657d98 elementor-widget elementor-widget-text-editor\" data-id=\"5657d98\" data-element_type=\"widget\" data-e-type=\"widget\" data-widget_type=\"text-editor.default\">\n\t\t\t\t<div class=\"elementor-widget-container\">\n\t\t\t\t\t\t\t\t\t<ul><li><strong>2 \u00dcbernachtungen mit Fr\u00fchst\u00fcck<\/strong> in den historischen R\u00e4umen des Palazzo D&#8217;Alessandro<\/li><li><strong>Begr\u00fc\u00dfungstee oder -kelch<\/strong> bei der Ankunft, damit Sie sich sofort wie zu Hause f\u00fchlen<\/li><li><strong>Gef\u00fchrte Besichtigung des Palastes<\/strong><\/li><li><strong>Abendessen am Freitagabend<\/strong> in einem typischen Restaurant (*)<\/li><li><strong>Leichtes Mittagessen mit Verkostung<\/strong> von typischen Produkten und lokalen Weinen<\/li><li><strong>Ausr\u00fcstung in der Thermotasche, f\u00fcr einen Aperitif vor dem Sonnenuntergang innerhalb der Mauern der alten r\u00f6mischen Stadt Peltuinum<\/strong><\/li><li>Entspannende Momente mit <strong>Kr\u00e4utertee oder Gl\u00fchwein<\/strong>, vor dem Kamin oder am Feuer im Garten<\/li><\/ul><p><small>(*) auf Anfrage f\u00fcr kleine Gruppen Abendessen im Palast mit Personal Chef<\/small><\/p>\t\t\t\t\t\t\t\t<\/div>\n\t\t\t\t<\/div>\n\t\t\t\t\t<\/div>\n\t\t<\/div>\n\t\t\t\t<div class=\"elementor-column elementor-col-50 elementor-inner-column elementor-element elementor-element-e7fa59d animated-fast elementor-invisible\" data-id=\"e7fa59d\" data-element_type=\"column\" data-e-type=\"column\" data-settings=\"{&quot;animation&quot;:&quot;opal-scale-up&quot;,&quot;animation_delay&quot;:100,&quot;background_background&quot;:&quot;classic&quot;}\">\n\t\t\t<div class=\"elementor-widget-wrap elementor-element-populated\">\n\t\t\t\t\t\t<div class=\"elementor-element elementor-element-a68de81 elementor-widget elementor-widget-heading\" data-id=\"a68de81\" data-element_type=\"widget\" data-e-type=\"widget\" data-widget_type=\"heading.default\">\n\t\t\t\t<div class=\"elementor-widget-container\">\n\t\t\t\t\t<h2 class=\"elementor-heading-title elementor-size-default\">Kosten des Pakets  <\/h2>\t\t\t\t<\/div>\n\t\t\t\t<\/div>\n\t\t\t\t<div class=\"elementor-element elementor-element-d959a7e elementor-widget elementor-widget-text-editor\" data-id=\"d959a7e\" data-element_type=\"widget\" data-e-type=\"widget\" data-widget_type=\"text-editor.default\">\n\t\t\t\t<div class=\"elementor-widget-container\">\n\t\t\t\t\t\t\t\t\t<h4><strong>F\u00fcr zwei Personen in einem Doppelzimmer<\/strong><\/h4>\n<strong>\u00dcbernachtung, Fr\u00fchst\u00fcck, Begr\u00fc\u00dfungstee\/Glas, gef\u00fchrte Touren, Abendessen am Freitag, leichtes Mittagessen\/Kostprobe<\/strong>\n<mark>\u20ac 600<\/mark>\n\n<hr>\n\n<ul>\n \t<li>Zus\u00e4tzlicher erwachsener Gast im Zimmer: \u20ac 220<\/li>\n \t<li>Kinder bis zu 11 Jahren: \u20ac 165<\/li>\n<\/ul>\t\t\t\t\t\t\t\t<\/div>\n\t\t\t\t<\/div>\n\t\t\t\t\t<\/div>\n\t\t<\/div>\n\t\t\t\t\t<\/div>\n\t\t<\/section>\n\t\t\t\t\t<\/div>\n\t\t<\/div>\n\t\t\t\t\t<\/div>\n\t\t<\/section>\n\t\t<div class=\"elementor-element elementor-element-a672ebe e-flex e-con-boxed e-con e-parent\" data-id=\"a672ebe\" data-element_type=\"container\" data-e-type=\"container\">\n\t\t\t\t\t<div class=\"e-con-inner\">\n\t\t\t\t<div class=\"elementor-element elementor-element-86da5cf elementor-align-center elementor-widget elementor-widget-button\" data-id=\"86da5cf\" data-element_type=\"widget\" data-e-type=\"widget\" data-widget_type=\"button.default\">\n\t\t\t\t<div class=\"elementor-widget-container\">\n\t\t\t\t\t        <div class=\"elementor-button-wrapper\">\n            <a href=\"https:\/\/booking.slope.it\/127ef371-f1fd-4776-8a03-e554315753b4\/quote-request\/\" class=\"elementor-button-link elementor-button elementor-size-lg\" target=\"_blank\" role=\"button\">\n                \t\t<span class=\"elementor-button-content-wrapper\">\n\t\t\t\t\t\t\t\t\t<span class=\"elementor-button-text\">INFORMATIONEN ANFORDERN<\/span>\n\t\t\t\t\t<\/span>\n\t\t            <\/a>\n        <\/div>\n        \t\t\t\t<\/div>\n\t\t\t\t<\/div>\n\t\t\t\t<div class=\"elementor-element elementor-element-e045acc elementor-widget elementor-widget-text-editor\" data-id=\"e045acc\" data-element_type=\"widget\" data-e-type=\"widget\" data-widget_type=\"text-editor.default\">\n\t\t\t\t<div class=\"elementor-widget-container\">\n\t\t\t\t\t\t\t\t\t<p style=\"text-align: center;\"><strong>Palazzo D&#8217;Alessandro &#8211; Historisches Haus, das dem ASDI angeschlossen ist<br>Adresse:<\/strong> Piazzetta Berardino D&#8217;Alessandro,<br>67020 Caporciano (AQ)<br><strong>Tel\/WhatsApp:<\/strong> +39 335 599 4204<br><strong>Email:<\/strong><em>info@palazzodalessandro.it<\/em><br><br><em>Folgen Sie uns auf <a href=\"https:\/\/www.instagram.com\/palazzo_d_alessandro\/\" target=\"_blank\" rel=\"noopener\">Instagram @palazzodalessandro<\/a>: a taste of everyday beauty<\/em><\/p>\t\t\t\t\t\t\t\t<\/div>\n\t\t\t\t<\/div>\n\t\t\t\t\t<\/div>\n\t\t\t\t<\/div>\n\t\t<div class=\"elementor-element elementor-element-300f485 e-flex e-con-boxed e-con e-parent\" data-id=\"300f485\" data-element_type=\"container\" data-e-type=\"container\">\n\t\t\t\t\t<div class=\"e-con-inner\">\n\t\t\t\t\t<\/div>\n\t\t\t\t<\/div>\n\t\t\t\t<\/div>\n\t\t","protected":false},"excerpt":{"rendered":"<p>Wochenend-Paket Eine Einladung, innezuhalten, durchzuatmen und die authentischsten Abruzzen zu erleben, ohne auf Komfort zu verzichten Stellen Sie sich vor, Sie kommen im Palazzo D&#8217;Alessandro, einem alten Herrenhaus in den Abruzzen, an und werden mit einem guten Tee oder einem Glas Wein begr\u00fc\u00dft. Drau\u00dfen das Licht, das den Sommer ank\u00fcndigt. Drinnen R\u00e4ume, die Jahrhunderte von &hellip; <\/p>\n<p class=\"link-more\"><a href=\"https:\/\/www.palazzodalessandro.it\/de\/wochenend-paket\/\" class=\"more-link\">Read More <span class=\"screen-reader-text\"> &#8222;Wochenend-Paket&#8220;<\/span><\/a><\/p>\n","protected":false},"author":2,"featured_media":10243,"parent":0,"menu_order":6,"comment_status":"closed","ping_status":"closed","template":"","meta":{"footnotes":""},"class_list":["post-10326","page","type-page","status-publish","has-post-thumbnail","hentry"],"yoast_head":"<!-- This site is optimized with the Yoast SEO plugin v27.4 - https:\/\/yoast.com\/product\/yoast-seo-wordpress\/ -->\n<title>Wochenend-Paket &#8226; Palazzo D&#039;Alessandro<\/title>\n<meta name=\"description\" content=\"Abruzzen Urlaub Angebot 20% Rabatt. Erleben Sie die authentischsten Abruzzen. Palazzo D&#039;Alessandro in Caporciano zwischen Natur, Kunst und Geschmack\" \/>\n<meta name=\"robots\" content=\"index, follow, max-snippet:-1, max-image-preview:large, max-video-preview:-1\" \/>\n<link rel=\"canonical\" href=\"https:\/\/www.palazzodalessandro.it\/de\/wochenend-paket\/\" \/>\n<meta property=\"og:locale\" content=\"de_DE\" \/>\n<meta property=\"og:type\" content=\"article\" \/>\n<meta property=\"og:title\" content=\"Wochenend-Paket &#8226; Palazzo D&#039;Alessandro\" \/>\n<meta property=\"og:description\" content=\"Abruzzen Urlaub Angebot 20% Rabatt. Erleben Sie die authentischsten Abruzzen. Palazzo D&#039;Alessandro in Caporciano zwischen Natur, Kunst und Geschmack\" \/>\n<meta property=\"og:url\" content=\"https:\/\/www.palazzodalessandro.it\/de\/wochenend-paket\/\" \/>\n<meta property=\"og:site_name\" content=\"Palazzo D&#039;Alessandro\" \/>\n<meta property=\"article:modified_time\" content=\"2026-03-27T06:57:49+00:00\" \/>\n<meta property=\"og:image\" content=\"https:\/\/www.palazzodalessandro.it\/wp-content\/uploads\/2026\/03\/Pacchetto-weekend-palazzo-dalessandro-primavera.webp\" \/>\n\t<meta property=\"og:image:width\" content=\"1920\" \/>\n\t<meta property=\"og:image:height\" content=\"1080\" \/>\n\t<meta property=\"og:image:type\" content=\"image\/webp\" \/>\n<meta name=\"twitter:card\" content=\"summary_large_image\" \/>\n<meta name=\"twitter:label1\" content=\"Gesch\u00e4tzte Lesezeit\" \/>\n\t<meta name=\"twitter:data1\" content=\"1\u00a0Minute\" \/>\n<script type=\"application\/ld+json\" class=\"yoast-schema-graph\">{\"@context\":\"https:\\\/\\\/schema.org\",\"@graph\":[{\"@type\":\"WebPage\",\"@id\":\"https:\\\/\\\/www.palazzodalessandro.it\\\/de\\\/wochenend-paket\\\/\",\"url\":\"https:\\\/\\\/www.palazzodalessandro.it\\\/de\\\/wochenend-paket\\\/\",\"name\":\"Wochenend-Paket &#8226; Palazzo D'Alessandro\",\"isPartOf\":{\"@id\":\"https:\\\/\\\/www.palazzodalessandro.it\\\/de\\\/#website\"},\"primaryImageOfPage\":{\"@id\":\"https:\\\/\\\/www.palazzodalessandro.it\\\/de\\\/wochenend-paket\\\/#primaryimage\"},\"image\":{\"@id\":\"https:\\\/\\\/www.palazzodalessandro.it\\\/de\\\/wochenend-paket\\\/#primaryimage\"},\"thumbnailUrl\":\"https:\\\/\\\/www.palazzodalessandro.it\\\/wp-content\\\/uploads\\\/2026\\\/03\\\/Pacchetto-weekend-palazzo-dalessandro-primavera.webp\",\"datePublished\":\"2026-03-18T16:00:33+00:00\",\"dateModified\":\"2026-03-27T06:57:49+00:00\",\"description\":\"Abruzzen Urlaub Angebot 20% Rabatt. Erleben Sie die authentischsten Abruzzen. Palazzo D'Alessandro in Caporciano zwischen Natur, Kunst und Geschmack\",\"breadcrumb\":{\"@id\":\"https:\\\/\\\/www.palazzodalessandro.it\\\/de\\\/wochenend-paket\\\/#breadcrumb\"},\"inLanguage\":\"de\",\"potentialAction\":[{\"@type\":\"ReadAction\",\"target\":[\"https:\\\/\\\/www.palazzodalessandro.it\\\/de\\\/wochenend-paket\\\/\"]}]},{\"@type\":\"ImageObject\",\"inLanguage\":\"de\",\"@id\":\"https:\\\/\\\/www.palazzodalessandro.it\\\/de\\\/wochenend-paket\\\/#primaryimage\",\"url\":\"https:\\\/\\\/www.palazzodalessandro.it\\\/wp-content\\\/uploads\\\/2026\\\/03\\\/Pacchetto-weekend-palazzo-dalessandro-primavera.webp\",\"contentUrl\":\"https:\\\/\\\/www.palazzodalessandro.it\\\/wp-content\\\/uploads\\\/2026\\\/03\\\/Pacchetto-weekend-palazzo-dalessandro-primavera.webp\",\"width\":1920,\"height\":1080,\"caption\":\"Palazzo D'Alessandro Wochenendpaket\"},{\"@type\":\"BreadcrumbList\",\"@id\":\"https:\\\/\\\/www.palazzodalessandro.it\\\/de\\\/wochenend-paket\\\/#breadcrumb\",\"itemListElement\":[{\"@type\":\"ListItem\",\"position\":1,\"name\":\"Home\",\"item\":\"https:\\\/\\\/www.palazzodalessandro.it\\\/de\\\/\"},{\"@type\":\"ListItem\",\"position\":2,\"name\":\"Wochenend-Paket\"}]},{\"@type\":\"WebSite\",\"@id\":\"https:\\\/\\\/www.palazzodalessandro.it\\\/de\\\/#website\",\"url\":\"https:\\\/\\\/www.palazzodalessandro.it\\\/de\\\/\",\"name\":\"Palazzo D'Alessandro\",\"description\":\"Wunderkammer &amp; Suites\",\"publisher\":{\"@id\":\"https:\\\/\\\/www.palazzodalessandro.it\\\/de\\\/#organization\"},\"potentialAction\":[{\"@type\":\"SearchAction\",\"target\":{\"@type\":\"EntryPoint\",\"urlTemplate\":\"https:\\\/\\\/www.palazzodalessandro.it\\\/de\\\/?s={search_term_string}\"},\"query-input\":{\"@type\":\"PropertyValueSpecification\",\"valueRequired\":true,\"valueName\":\"search_term_string\"}}],\"inLanguage\":\"de\"},{\"@type\":\"Organization\",\"@id\":\"https:\\\/\\\/www.palazzodalessandro.it\\\/de\\\/#organization\",\"name\":\"Palazzo D'Alessandro\",\"url\":\"https:\\\/\\\/www.palazzodalessandro.it\\\/de\\\/\",\"logo\":{\"@type\":\"ImageObject\",\"inLanguage\":\"de\",\"@id\":\"https:\\\/\\\/www.palazzodalessandro.it\\\/de\\\/#\\\/schema\\\/logo\\\/image\\\/\",\"url\":\"https:\\\/\\\/www.palazzodalessandro.it\\\/wp-content\\\/uploads\\\/2024\\\/10\\\/PDA-logo-black.svg\",\"contentUrl\":\"https:\\\/\\\/www.palazzodalessandro.it\\\/wp-content\\\/uploads\\\/2024\\\/10\\\/PDA-logo-black.svg\",\"width\":377,\"height\":70,\"caption\":\"Palazzo D'Alessandro\"},\"image\":{\"@id\":\"https:\\\/\\\/www.palazzodalessandro.it\\\/de\\\/#\\\/schema\\\/logo\\\/image\\\/\"}}]}<\/script>\n<!-- \/ Yoast SEO plugin. -->","yoast_head_json":{"title":"Wochenend-Paket &#8226; Palazzo D'Alessandro","description":"Abruzzen Urlaub Angebot 20% Rabatt. Erleben Sie die authentischsten Abruzzen. Palazzo D'Alessandro in Caporciano zwischen Natur, Kunst und Geschmack","robots":{"index":"index","follow":"follow","max-snippet":"max-snippet:-1","max-image-preview":"max-image-preview:large","max-video-preview":"max-video-preview:-1"},"canonical":"https:\/\/www.palazzodalessandro.it\/de\/wochenend-paket\/","og_locale":"de_DE","og_type":"article","og_title":"Wochenend-Paket &#8226; Palazzo D'Alessandro","og_description":"Abruzzen Urlaub Angebot 20% Rabatt. Erleben Sie die authentischsten Abruzzen. Palazzo D'Alessandro in Caporciano zwischen Natur, Kunst und Geschmack","og_url":"https:\/\/www.palazzodalessandro.it\/de\/wochenend-paket\/","og_site_name":"Palazzo D'Alessandro","article_modified_time":"2026-03-27T06:57:49+00:00","og_image":[{"width":1920,"height":1080,"url":"https:\/\/www.palazzodalessandro.it\/wp-content\/uploads\/2026\/03\/Pacchetto-weekend-palazzo-dalessandro-primavera.webp","type":"image\/webp"}],"twitter_card":"summary_large_image","twitter_misc":{"Gesch\u00e4tzte Lesezeit":"1\u00a0Minute"},"schema":{"@context":"https:\/\/schema.org","@graph":[{"@type":"WebPage","@id":"https:\/\/www.palazzodalessandro.it\/de\/wochenend-paket\/","url":"https:\/\/www.palazzodalessandro.it\/de\/wochenend-paket\/","name":"Wochenend-Paket &#8226; Palazzo D'Alessandro","isPartOf":{"@id":"https:\/\/www.palazzodalessandro.it\/de\/#website"},"primaryImageOfPage":{"@id":"https:\/\/www.palazzodalessandro.it\/de\/wochenend-paket\/#primaryimage"},"image":{"@id":"https:\/\/www.palazzodalessandro.it\/de\/wochenend-paket\/#primaryimage"},"thumbnailUrl":"https:\/\/www.palazzodalessandro.it\/wp-content\/uploads\/2026\/03\/Pacchetto-weekend-palazzo-dalessandro-primavera.webp","datePublished":"2026-03-18T16:00:33+00:00","dateModified":"2026-03-27T06:57:49+00:00","description":"Abruzzen Urlaub Angebot 20% Rabatt. Erleben Sie die authentischsten Abruzzen. Palazzo D'Alessandro in Caporciano zwischen Natur, Kunst und Geschmack","breadcrumb":{"@id":"https:\/\/www.palazzodalessandro.it\/de\/wochenend-paket\/#breadcrumb"},"inLanguage":"de","potentialAction":[{"@type":"ReadAction","target":["https:\/\/www.palazzodalessandro.it\/de\/wochenend-paket\/"]}]},{"@type":"ImageObject","inLanguage":"de","@id":"https:\/\/www.palazzodalessandro.it\/de\/wochenend-paket\/#primaryimage","url":"https:\/\/www.palazzodalessandro.it\/wp-content\/uploads\/2026\/03\/Pacchetto-weekend-palazzo-dalessandro-primavera.webp","contentUrl":"https:\/\/www.palazzodalessandro.it\/wp-content\/uploads\/2026\/03\/Pacchetto-weekend-palazzo-dalessandro-primavera.webp","width":1920,"height":1080,"caption":"Palazzo D'Alessandro Wochenendpaket"},{"@type":"BreadcrumbList","@id":"https:\/\/www.palazzodalessandro.it\/de\/wochenend-paket\/#breadcrumb","itemListElement":[{"@type":"ListItem","position":1,"name":"Home","item":"https:\/\/www.palazzodalessandro.it\/de\/"},{"@type":"ListItem","position":2,"name":"Wochenend-Paket"}]},{"@type":"WebSite","@id":"https:\/\/www.palazzodalessandro.it\/de\/#website","url":"https:\/\/www.palazzodalessandro.it\/de\/","name":"Palazzo D'Alessandro","description":"Wunderkammer &amp; Suites","publisher":{"@id":"https:\/\/www.palazzodalessandro.it\/de\/#organization"},"potentialAction":[{"@type":"SearchAction","target":{"@type":"EntryPoint","urlTemplate":"https:\/\/www.palazzodalessandro.it\/de\/?s={search_term_string}"},"query-input":{"@type":"PropertyValueSpecification","valueRequired":true,"valueName":"search_term_string"}}],"inLanguage":"de"},{"@type":"Organization","@id":"https:\/\/www.palazzodalessandro.it\/de\/#organization","name":"Palazzo D'Alessandro","url":"https:\/\/www.palazzodalessandro.it\/de\/","logo":{"@type":"ImageObject","inLanguage":"de","@id":"https:\/\/www.palazzodalessandro.it\/de\/#\/schema\/logo\/image\/","url":"https:\/\/www.palazzodalessandro.it\/wp-content\/uploads\/2024\/10\/PDA-logo-black.svg","contentUrl":"https:\/\/www.palazzodalessandro.it\/wp-content\/uploads\/2024\/10\/PDA-logo-black.svg","width":377,"height":70,"caption":"Palazzo D'Alessandro"},"image":{"@id":"https:\/\/www.palazzodalessandro.it\/de\/#\/schema\/logo\/image\/"}}]}},"_links":{"self":[{"href":"https:\/\/www.palazzodalessandro.it\/de\/wp-json\/wp\/v2\/pages\/10326","targetHints":{"allow":["GET"]}}],"collection":[{"href":"https:\/\/www.palazzodalessandro.it\/de\/wp-json\/wp\/v2\/pages"}],"about":[{"href":"https:\/\/www.palazzodalessandro.it\/de\/wp-json\/wp\/v2\/types\/page"}],"author":[{"embeddable":true,"href":"https:\/\/www.palazzodalessandro.it\/de\/wp-json\/wp\/v2\/users\/2"}],"replies":[{"embeddable":true,"href":"https:\/\/www.palazzodalessandro.it\/de\/wp-json\/wp\/v2\/comments?post=10326"}],"version-history":[{"count":1,"href":"https:\/\/www.palazzodalessandro.it\/de\/wp-json\/wp\/v2\/pages\/10326\/revisions"}],"predecessor-version":[{"id":10328,"href":"https:\/\/www.palazzodalessandro.it\/de\/wp-json\/wp\/v2\/pages\/10326\/revisions\/10328"}],"wp:featuredmedia":[{"embeddable":true,"href":"https:\/\/www.palazzodalessandro.it\/de\/wp-json\/wp\/v2\/media\/10243"}],"wp:attachment":[{"href":"https:\/\/www.palazzodalessandro.it\/de\/wp-json\/wp\/v2\/media?parent=10326"}],"curies":[{"name":"wp","href":"https:\/\/api.w.org\/{rel}","templated":true}]}}